{"id":39,"date":"2021-04-10T12:25:31","date_gmt":"2021-04-10T11:25:31","guid":{"rendered":"https:\/\/mheidl.com\/?page_id=39"},"modified":"2021-04-10T19:20:16","modified_gmt":"2021-04-10T18:20:16","slug":"homepage","status":"publish","type":"page","link":"https:\/\/mheidl.com\/","title":{"rendered":"Familienausfl\u00fcge \ud83c\udf1e\ud83d\ude97\ud83c\udfde"},"content":{"rendered":"\n<p class=\"has-secondary-color has-text-color\">Hallo liebe Besucher!<\/p>\n\n\n\n<p class=\"has-secondary-color has-text-color\">Auf dieser Seite m\u00f6chte ich unsere sch\u00f6nsten Ausfl\u00fcge mit euch teilen. <\/p>\n\n\n\n<p class=\"has-secondary-color has-text-color\">Die Ausfl\u00fcge findet ihr unter der Rubrik <a href=\"https:\/\/mheidl.com\/index.php\/blog\/\">Blog<\/a>.<\/p>\n\n\n\n<p class=\"has-secondary-color has-text-color\">Es gibt daf\u00fcr jeweils eine kurze Beschreibung sowie Ort, L\u00e4nge\/Dauer, sonstige Informationen&#8230; <\/p>\n\n\n\n<p class=\"has-secondary-color has-text-color\">Ich w\u00fcnsche euch viel Spa\u00df beim Lesen sowie viele tolle und spannende Ausfl\u00fcge!<\/p>\n","protected":false},"excerpt":{"rendered":"<p>Hallo liebe Besucher! Auf dieser Seite m\u00f6chte ich unsere sch\u00f6nsten Ausfl\u00fcge mit euch teilen. Die Ausfl\u00fcge findet ihr unter der Rubrik Blog. Es gibt daf\u00fcr jeweils eine kurze Beschreibung sowie Ort, L\u00e4nge\/Dauer, sonstige Informationen&#8230; Ich w\u00fcnsche euch viel Spa\u00df beim Lesen sowie viele tolle und spannende Ausfl\u00fcge!<\/p>\n","protected":false},"author":1,"featured_media":0,"parent":0,"menu_order":0,"comment_status":"closed","ping_status":"closed","template":"","meta":{"footnotes":""},"class_list":["post-39","page","type-page","status-publish","hentry","entry"],"_links":{"self":[{"href":"https:\/\/mheidl.com\/index.php\/wp-json\/wp\/v2\/pages\/39","targetHints":{"allow":["GET"]}}],"collection":[{"href":"https:\/\/mheidl.com\/index.php\/wp-json\/wp\/v2\/pages"}],"about":[{"href":"https:\/\/mheidl.com\/index.php\/wp-json\/wp\/v2\/types\/page"}],"author":[{"embeddable":true,"href":"https:\/\/mheidl.com\/index.php\/wp-json\/wp\/v2\/users\/1"}],"replies":[{"embeddable":true,"href":"https:\/\/mheidl.com\/index.php\/wp-json\/wp\/v2\/comments?post=39"}],"version-history":[{"count":7,"href":"https:\/\/mheidl.com\/index.php\/wp-json\/wp\/v2\/pages\/39\/revisions"}],"predecessor-version":[{"id":76,"href":"https:\/\/mheidl.com\/index.php\/wp-json\/wp\/v2\/pages\/39\/revisions\/76"}],"wp:attachment":[{"href":"https:\/\/mheidl.com\/index.php\/wp-json\/wp\/v2\/media?parent=39"}],"curies":[{"name":"wp","href":"https:\/\/api.w.org\/{rel}","templated":true}]}}